{"id":116,"date":"2019-05-30T18:47:36","date_gmt":"2019-05-30T18:47:36","guid":{"rendered":"https:\/\/dr-reiner-flessner.de\/?page_id=116"},"modified":"2021-01-13T12:02:20","modified_gmt":"2021-01-13T12:02:20","slug":"impressum","status":"publish","type":"page","link":"https:\/\/dr-reiner-flessner.de\/?page_id=116","title":{"rendered":"Impressum"},"content":{"rendered":"\n<style type=\"text\/css\" data-created_by=\"avia_inline_auto\" id=\"style-css-av-afcfo-80261469a88580380737153504f6ca2b\">\n.flex_column.av-afcfo-80261469a88580380737153504f6ca2b{\nborder-radius:0px 0px 0px 0px;\n-webkit-border-radius:0px 0px 0px 0px;\n-moz-border-radius:0px 0px 0px 0px;\n}\n<\/style>\n<div class='flex_column av-afcfo-80261469a88580380737153504f6ca2b av_one_full  avia-builder-el-0  el_before_av_one_full  avia-builder-el-first  first flex_column_div av-zero-column-padding '   ><p>\n<style type=\"text\/css\" data-created_by=\"avia_inline_auto\" id=\"style-css-av-jwlus98s-02de0f856dc4ec65fd947d8e167995ef\">\n#top .av-special-heading.av-jwlus98s-02de0f856dc4ec65fd947d8e167995ef{\npadding-bottom:10px;\n}\nbody .av-special-heading.av-jwlus98s-02de0f856dc4ec65fd947d8e167995ef .av-special-heading-tag .heading-char{\nfont-size:25px;\n}\n.av-special-heading.av-jwlus98s-02de0f856dc4ec65fd947d8e167995ef .av-subheading{\nfont-size:15px;\n}\n<\/style>\n<div  class='av-special-heading av-jwlus98s-02de0f856dc4ec65fd947d8e167995ef av-special-heading-h1 blockquote modern-quote  avia-builder-el-1  el_before_av_textblock  avia-builder-el-first '><h1 class='av-special-heading-tag'  itemprop=\"headline\"  >Impressum<\/h1><div class=\"special-heading-border\"><div class=\"special-heading-inner-border\"><\/div><\/div><\/div><br \/>\n<section  class='av_textblock_section av-jwb0gcjc-1dfb7913b8a45bef586f0fd07d8521af'  itemscope=\"itemscope\" itemtype=\"https:\/\/schema.org\/CreativeWork\" ><div class='avia_textblock'  itemprop=\"text\" ><p class=\"p1\"><strong>Angaben gem\u00e4\u00df \u00a7 5 TMG<br \/>\n<\/strong>Zahnarzt Dr. Reiner Fle\u00dfner<br \/>\nChristine-Charlotten-Stra\u00dfe 13<br \/>\n26789 Leer<\/p>\n<p class=\"p1\"><strong>Kontakt<br \/>\n<\/strong>Tel 0491 2111<br \/>\nFax 0491 9293609<br \/>\nzahnarzt@dr-reiner-flessner.de<\/p>\n<p class=\"p1\"><strong>Umsatzsteuer-Identifikationsnummer<br \/>\n<\/strong>gem\u00e4\u00df \u00a727 a Umsatzsteuergesetz<br \/>\nDE 61295305474<\/p>\n<p class=\"p1\"><strong>Gesetzliche Berufsbezeichnung<\/strong><br \/>\nZahnarzt<\/p>\n<p class=\"p1\"><strong>Staat, der die Berufsbezeichnung verliehen hat<\/strong><br \/>\nBundesrepublik Deutschland<\/p>\n<p class=\"p1\"><strong>Zust\u00e4ndige Zahn\u00e4rztekammer<\/strong><br \/>\nZahn\u00e4rztekammer Niedersachsen<br \/>\nZei\u00dfstrasse 11a<br \/>\n30519 Hannover<br \/>\nwww.zkn.de<\/p>\n<p class=\"p1\"><strong>Zust\u00e4ndige kassenzahn\u00e4rztliche Vereinigung<\/strong><br \/>\nKassenzahn\u00e4rztliche Vereinigung Niedersachsen<br \/>\nZei\u00dfstrasse 11<br \/>\n30519 Hannover<br \/>\nwww.kzvn.de<\/p>\n<p class=\"p1\"><strong>Berufsrechtliche Regelung<\/strong><br \/>\nBerufsordnung nach Beschluss der Kammerversammlung vom 03.\/04.11. 2006.<br \/>\nBekanntmachung im amtlichen Mitteilungsblatt der Zahn\u00e4rztekammer Niedersachsen 12\/06.<\/p>\n<\/div><\/section><\/p><\/div>\n\n<style type=\"text\/css\" data-created_by=\"avia_inline_auto\" id=\"style-css-av-ghd78-6f2928b4b440852ea47ccf399cc267db\">\n.flex_column.av-ghd78-6f2928b4b440852ea47ccf399cc267db{\nborder-radius:0px 0px 0px 0px;\n-webkit-border-radius:0px 0px 0px 0px;\n-moz-border-radius:0px 0px 0px 0px;\n}\n<\/style>\n<div class='flex_column av-ghd78-6f2928b4b440852ea47ccf399cc267db av_one_full  avia-builder-el-3  el_after_av_one_full  avia-builder-el-last  first flex_column_div av-zero-column-padding column-top-margin'   ><p>\n<style type=\"text\/css\" data-created_by=\"avia_inline_auto\" id=\"style-css-av-av_heading-3b0758a1b4823bdf37618bf2c13f5e9c\">\n#top .av-special-heading.av-av_heading-3b0758a1b4823bdf37618bf2c13f5e9c{\npadding-bottom:10px;\n}\nbody .av-special-heading.av-av_heading-3b0758a1b4823bdf37618bf2c13f5e9c .av-special-heading-tag .heading-char{\nfont-size:25px;\n}\n.av-special-heading.av-av_heading-3b0758a1b4823bdf37618bf2c13f5e9c .av-subheading{\nfont-size:15px;\n}\n<\/style>\n<div  class='av-special-heading av-av_heading-3b0758a1b4823bdf37618bf2c13f5e9c av-special-heading-h1 blockquote modern-quote modern-centered  avia-builder-el-4  el_before_av_textblock  avia-builder-el-first '><h1 class='av-special-heading-tag'  itemprop=\"headline\"  >Haftungsausschluss<\/h1><div class=\"special-heading-border\"><div class=\"special-heading-inner-border\"><\/div><\/div><\/div><br \/>\n<section  class='av_textblock_section av-jwb0gcjc-1dfb7913b8a45bef586f0fd07d8521af'  itemscope=\"itemscope\" itemtype=\"https:\/\/schema.org\/CreativeWork\" ><div class='avia_textblock'  itemprop=\"text\" ><p class=\"p1\"><strong>Haftung fu\u0308r Inhalte<\/strong><br \/>\nAls Diensteanbieter sind wir gem\u00e4\u00df \u00a7 7 Abs.1 TMG fu\u0308r eigene Inhalte auf diesen Seiten nach den allgemeinen Gesetzen verantwortlich. Nach \u00a7\u00a7 8 bis 10 TMG sind wir als Diensteanbieter jedoch nicht verpflichtet, u\u0308bermittelte oder gespeicherte fremde Informationen zu u\u0308berwachen oder nach Umst\u00e4nden zu forschen, die auf eine rechtswidrige T\u00e4tigkeit hinweisen.<\/p>\n<p class=\"p1\">Verpflichtungen zur Entfernung oder Sperrung der Nutzung von Informationen nach den allgemeinen Gesetzen bleiben hiervon unberu\u0308hrt. Eine diesbezu\u0308gliche Haftung ist jedoch erst ab dem Zeitpunkt der Kenntnis einer konkreten Rechtsverletzung m\u00f6glich. Bei Bekanntwerden von entsprechenden Rechtsverletzungen werden wir diese Inhalte umgehend entfernen.<\/p>\n<p class=\"p1\"><strong>Haftung fu\u0308r Links<br \/>\n<\/strong>Unser Angebot enth\u00e4lt Links zu externen Webseiten Dritter, auf deren Inhalte wir keinen Einfluss haben. Deshalb k\u00f6nnen wir fu\u0308r diese fremden Inhalte auch keine Gew\u00e4hr u\u0308bernehmen. Fu\u0308r die Inhalte der verlinkten Seiten ist stets der jeweilige Anbieter oder Betreiber der Seiten verantwortlich. Die verlinkten Seiten wurden zum Zeitpunkt der Verlinkung auf m\u00f6gliche Rechtsverst\u00f6\u00dfe u\u0308berpru\u0308ft. Rechtswidrige Inhalte waren zum Zeitpunkt der Verlinkung nicht erkennbar.<\/p>\n<p class=\"p1\">Eine permanente inhaltliche Kontrolle der verlinkten Seiten ist jedoch ohne konkrete Anhaltspunkte einer Rechtsverletzung nicht zumutbar. Bei Bekanntwerden von Rechtsverletzungen werden wir derartige Links umgehend entfernen.<\/p>\n<p class=\"p1\"><strong>Urheberrecht<\/strong><br \/>\nDie durch die Seitenbetreiber erstellten Inhalte und Werke auf diesen Seiten unterliegen dem deutschen Urheberrecht. Die Vervielf\u00e4ltigung, Bearbeitung, Verbreitung und jede Art der Verwertung au\u00dferhalb der Grenzen des Urheberrechtes bedu\u0308rfen der schriftlichen Zustimmung des jeweiligen Autors bzw. Erstellers. Downloads und Kopien dieser Seite sind nur fu\u0308r den privaten, nicht kommerziellen Gebrauch gestattet.<\/p>\n<p class=\"p1\">Soweit die Inhalte auf dieser Seite nicht vom Betreiber erstellt wurden, werden die Urheberrechte Dritter beachtet. Insbesondere werden Inhalte Dritter als solche gekennzeichnet. Sollten Sie trotzdem auf eine Urheberrechtsverletzung aufmerksam werden, bitten wir um einen entsprechenden Hinweis. Bei Bekanntwerden von Rechtsverletzungen werden wir derartige Inhalte umgehend entfernen.<\/p>\n<p class=\"p1\"><strong>Bildernachweise<\/strong><br \/>\nmazhor \u2013 stock.adobe.com<br \/>\nBillionPhotos.com \u2013 stock.adobe.com<br \/>\nidoerenberg \u2013 stock.adobe.com<\/p>\n<p class=\"p1\">Britta Br\u00fcling &#8211; konterfei-fotografie.de<\/p>\n<\/div><\/section><br \/>\n\n<style type=\"text\/css\" data-created_by=\"avia_inline_auto\" id=\"style-css-av-jwhsa0qr-0a3d44f79a1d50de6bada746e3706cec\">\n#top .hr.hr-invisible.av-jwhsa0qr-0a3d44f79a1d50de6bada746e3706cec{\nheight:100px;\n}\n<\/style>\n<div  class='hr av-jwhsa0qr-0a3d44f79a1d50de6bada746e3706cec hr-invisible  avia-builder-el-6  el_after_av_textblock  el_before_av_textblock '><span class='hr-inner '><span class=\"hr-inner-style\"><\/span><\/span><\/div><br \/>\n<section  class='av_textblock_section av-jwb0gcjc-1dfb7913b8a45bef586f0fd07d8521af'  itemscope=\"itemscope\" itemtype=\"https:\/\/schema.org\/CreativeWork\" ><div class='avia_textblock'  itemprop=\"text\" ><p class=\"p1\"><strong>Konzeption, Gestaltung und Realisation<\/strong><br \/>\nDesignagentur projektpartner<br \/>\n<a href=\"mailto:info@dpp-leer.de\">info@dpp-leer.de<\/a><br \/>\n<a href=\"http:\/\/www.dpp-leer.de\" target=\"_blank\" rel=\"noopener noreferrer\">www.dpp-leer.de<\/a><\/p>\n<\/div><\/section><\/p><\/div>\n","protected":false},"excerpt":{"rendered":"","protected":false},"author":1,"featured_media":0,"parent":0,"menu_order":0,"comment_status":"closed","ping_status":"closed","template":"","meta":[],"yoast_head":"<!-- This site is optimized with the Yoast SEO plugin v17.9 - https:\/\/yoast.com\/wordpress\/plugins\/seo\/ -->\n<title>Impressum - Dr. Reiner Fle\u00dfner<\/title>\n<meta name=\"robots\" content=\"index, follow, max-snippet:-1, max-image-preview:large, max-video-preview:-1\" \/>\n<link rel=\"canonical\" href=\"https:\/\/dr-reiner-flessner.de\/?page_id=116\" \/>\n<meta property=\"og:locale\" content=\"de_DE\" \/>\n<meta property=\"og:type\" content=\"article\" \/>\n<meta property=\"og:title\" content=\"Impressum - Dr. Reiner Fle\u00dfner\" \/>\n<meta property=\"og:url\" content=\"https:\/\/dr-reiner-flessner.de\/?page_id=116\" \/>\n<meta property=\"og:site_name\" content=\"Dr. Reiner Fle\u00dfner\" \/>\n<meta property=\"article:modified_time\" content=\"2021-01-13T12:02:20+00:00\" \/>\n<meta name=\"twitter:card\" content=\"summary_large_image\" \/>\n<meta name=\"twitter:label1\" content=\"Gesch\u00e4tzte Lesezeit\" \/>\n\t<meta name=\"twitter:data1\" content=\"5\u00a0Minuten\" \/>\n<script type=\"application\/ld+json\" class=\"yoast-schema-graph\">{\"@context\":\"https:\/\/schema.org\",\"@graph\":[{\"@type\":\"WebSite\",\"@id\":\"https:\/\/dr-reiner-flessner.de\/#website\",\"url\":\"https:\/\/dr-reiner-flessner.de\/\",\"name\":\"Dr. Reiner Fle\\u00dfner\",\"description\":\"Zahnpflege, Zahnerhaltung und Zahnersatz\",\"potentialAction\":[{\"@type\":\"SearchAction\",\"target\":{\"@type\":\"EntryPoint\",\"urlTemplate\":\"https:\/\/dr-reiner-flessner.de\/?s={search_term_string}\"},\"query-input\":\"required name=search_term_string\"}],\"inLanguage\":\"de\"},{\"@type\":\"WebPage\",\"@id\":\"https:\/\/dr-reiner-flessner.de\/?page_id=116#webpage\",\"url\":\"https:\/\/dr-reiner-flessner.de\/?page_id=116\",\"name\":\"Impressum - Dr. Reiner Fle\\u00dfner\",\"isPartOf\":{\"@id\":\"https:\/\/dr-reiner-flessner.de\/#website\"},\"datePublished\":\"2019-05-30T18:47:36+00:00\",\"dateModified\":\"2021-01-13T12:02:20+00:00\",\"breadcrumb\":{\"@id\":\"https:\/\/dr-reiner-flessner.de\/?page_id=116#breadcrumb\"},\"inLanguage\":\"de\",\"potentialAction\":[{\"@type\":\"ReadAction\",\"target\":[\"https:\/\/dr-reiner-flessner.de\/?page_id=116\"]}]},{\"@type\":\"BreadcrumbList\",\"@id\":\"https:\/\/dr-reiner-flessner.de\/?page_id=116#breadcrumb\",\"itemListElement\":[{\"@type\":\"ListItem\",\"position\":1,\"name\":\"Startseite\",\"item\":\"https:\/\/dr-reiner-flessner.de\/?page_id=2\"},{\"@type\":\"ListItem\",\"position\":2,\"name\":\"Impressum\"}]}]}<\/script>\n<!-- \/ Yoast SEO plugin. -->","yoast_head_json":{"title":"Impressum - Dr. Reiner Fle\u00dfner","robots":{"index":"index","follow":"follow","max-snippet":"max-snippet:-1","max-image-preview":"max-image-preview:large","max-video-preview":"max-video-preview:-1"},"canonical":"https:\/\/dr-reiner-flessner.de\/?page_id=116","og_locale":"de_DE","og_type":"article","og_title":"Impressum - Dr. Reiner Fle\u00dfner","og_url":"https:\/\/dr-reiner-flessner.de\/?page_id=116","og_site_name":"Dr. Reiner Fle\u00dfner","article_modified_time":"2021-01-13T12:02:20+00:00","twitter_card":"summary_large_image","twitter_misc":{"Gesch\u00e4tzte Lesezeit":"5\u00a0Minuten"},"schema":{"@context":"https:\/\/schema.org","@graph":[{"@type":"WebSite","@id":"https:\/\/dr-reiner-flessner.de\/#website","url":"https:\/\/dr-reiner-flessner.de\/","name":"Dr. Reiner Fle\u00dfner","description":"Zahnpflege, Zahnerhaltung und Zahnersatz","potentialAction":[{"@type":"SearchAction","target":{"@type":"EntryPoint","urlTemplate":"https:\/\/dr-reiner-flessner.de\/?s={search_term_string}"},"query-input":"required name=search_term_string"}],"inLanguage":"de"},{"@type":"WebPage","@id":"https:\/\/dr-reiner-flessner.de\/?page_id=116#webpage","url":"https:\/\/dr-reiner-flessner.de\/?page_id=116","name":"Impressum - Dr. Reiner Fle\u00dfner","isPartOf":{"@id":"https:\/\/dr-reiner-flessner.de\/#website"},"datePublished":"2019-05-30T18:47:36+00:00","dateModified":"2021-01-13T12:02:20+00:00","breadcrumb":{"@id":"https:\/\/dr-reiner-flessner.de\/?page_id=116#breadcrumb"},"inLanguage":"de","potentialAction":[{"@type":"ReadAction","target":["https:\/\/dr-reiner-flessner.de\/?page_id=116"]}]},{"@type":"BreadcrumbList","@id":"https:\/\/dr-reiner-flessner.de\/?page_id=116#breadcrumb","itemListElement":[{"@type":"ListItem","position":1,"name":"Startseite","item":"https:\/\/dr-reiner-flessner.de\/?page_id=2"},{"@type":"ListItem","position":2,"name":"Impressum"}]}]}},"_links":{"self":[{"href":"https:\/\/dr-reiner-flessner.de\/index.php?rest_route=\/wp\/v2\/pages\/116"}],"collection":[{"href":"https:\/\/dr-reiner-flessner.de\/index.php?rest_route=\/wp\/v2\/pages"}],"about":[{"href":"https:\/\/dr-reiner-flessner.de\/index.php?rest_route=\/wp\/v2\/types\/page"}],"author":[{"embeddable":true,"href":"https:\/\/dr-reiner-flessner.de\/index.php?rest_route=\/wp\/v2\/users\/1"}],"replies":[{"embeddable":true,"href":"https:\/\/dr-reiner-flessner.de\/index.php?rest_route=%2Fwp%2Fv2%2Fcomments&post=116"}],"version-history":[{"count":8,"href":"https:\/\/dr-reiner-flessner.de\/index.php?rest_route=\/wp\/v2\/pages\/116\/revisions"}],"predecessor-version":[{"id":287,"href":"https:\/\/dr-reiner-flessner.de\/index.php?rest_route=\/wp\/v2\/pages\/116\/revisions\/287"}],"wp:attachment":[{"href":"https:\/\/dr-reiner-flessner.de\/index.php?rest_route=%2Fwp%2Fv2%2Fmedia&parent=116"}],"curies":[{"name":"wp","href":"https:\/\/api.w.org\/{rel}","templated":true}]}}